{"id":2795,"date":"2022-10-07T12:35:00","date_gmt":"2022-10-07T12:35:00","guid":{"rendered":"https:\/\/capacity.ulb.be\/?page_id=2795"},"modified":"2023-04-12T07:46:53","modified_gmt":"2023-04-12T07:46:53","slug":"aide","status":"publish","type":"page","link":"https:\/\/capacity.ulb.be\/index.php\/aide\/","title":{"rendered":"Aide"},"content":{"rendered":"<h3>Tutoriels en vid\u00e9o<\/h3>\n<p>Cette page pr\u00e9sente de mani\u00e8re succincte les diff\u00e9rents outils du visualisateur &#8220;capacity&#8221;. Afin d&#8217;utiliser cet outil, nous vous conseillons en priorit\u00e9 de regarder les <a href=\"https:\/\/youtube.com\/playlist?list=PLbLMHIUkyPgj-qG7nkNB4hTHEMtby_1kg\"><strong>vid\u00e9os suivantes sur youtube<\/strong><\/a>.<\/p>\n<h3>Le visualisateur &#8220;capacity&#8221;<\/h3>\n<p>Apr\u00e8s avoir envoy\u00e9 votre fichier pour calcul, le r\u00e9sultat est affich\u00e9 dans le visualisateur &#8220;capacity&#8221; qui permet d&#8217;obtenir le volume et de voir l&#8217;extraction de l&#8217;axe et du profil mais surtout de corriger les erreurs \u00e9ventuelles (valeur &#8220;dpi&#8221;, profil et\/ou axe extrait incorrect, &#8230;). Ci-dessous, nous pr\u00e9sentons une capture d&#8217;\u00e9cran du nouveau visualisateur apr\u00e8s le calcul d&#8217;un volume et les deux parties principales de celui-ci : la zone de dessin o\u00f9 est affich\u00e9 le r\u00e9sultat et la barre d&#8217;outils qui contient l&#8217;ensemble de boutons permettant de r\u00e9aliser une action sur la zone de dessin.<\/p>\n<p><img loading=\"lazy\" decoding=\"async\" class=\"alignnone size-full wp-image-2796\" src=\"https:\/\/capacity.ulb.be\/wp-content\/uploads\/2022\/10\/capacity_viewer_fr.png\" alt=\"\" width=\"844\" height=\"806\" srcset=\"https:\/\/capacity.ulb.be\/wp-content\/uploads\/2022\/10\/capacity_viewer_fr.png 844w, https:\/\/capacity.ulb.be\/wp-content\/uploads\/2022\/10\/capacity_viewer_fr-300x286.png 300w, https:\/\/capacity.ulb.be\/wp-content\/uploads\/2022\/10\/capacity_viewer_fr-768x733.png 768w, https:\/\/capacity.ulb.be\/wp-content\/uploads\/2022\/10\/capacity_viewer_fr-209x200.png 209w\" sizes=\"auto, (max-width: 844px) 100vw, 844px\" \/><\/p>\n<p><strong>Afin que le volume calcul\u00e9 soit le plus juste possible<\/strong>, il convient, par ordre, de (<strong><em>checklist<\/em><\/strong>)<\/p>\n<ol>\n<li><strong>V\u00e9rifier que le c\u00f4t\u00e9 affich\u00e9 <\/strong>(gauche ou droit) est le bon, sinon le changer.<\/li>\n<li>Effacer \u00e9ventuellement les parties de profil incorrectes (voir tout le profil extrait s&#8217;il n&#8217;est pas du tout bon).<\/li>\n<li>Modifier la position de l&#8217;axe en l&#8217;alignant parfaitement sur l&#8217;axe dessin\u00e9 si cela n&#8217;a pas \u00e9t\u00e9 automatiquement fait.<\/li>\n<li>Dessiner\/corriger le profil extrait en suivant au mieux le profil du dessin d&#8217;origine.<\/li>\n<li><strong>Ajuster au mieux l&#8217;\u00e9chelle<\/strong> en utilisant une mesure connue du dessin, g\u00e9n\u00e9ralement relatif \u00e0 la hauteur d&#8217;eau (\u00e0 la diff\u00e9rence entre les deux niveaux d&#8217;eau) par exemple en utilisant le profondeur du r\u00e9cipient ou sa hauteur. L&#8217;alternative serait d&#8217;utiliser une \u00e9chelle du dessin avec l&#8217;outil &#8220;mesure\/latte&#8221;.<\/li>\n<li>V\u00e9rifier, si possible, que la position de l&#8217;axe dessin\u00e9 est bonne en prenant une mesure de distance entre l&#8217;axe et un point pr\u00e9cis du profil, par exemple \u00e0 son ouverture ou \u00e0 son fond et en la comparant \u00e0 sa mesure r\u00e9elle c\u00e0d. moiti\u00e9 du diam\u00e8tre de l&#8217;ouverture ou du fond. Si cette mesure n&#8217;est pas bonne, d\u00e9placer l&#8217;axe pour obtenir cette distance m\u00eame s&#8217;il ne co\u00efncide plus avec l&#8217;axe du dessin d&#8217;origine.<\/li>\n<li>Ajuster les niveaux d&#8217;eau afin de mesurer au mieux le volume d&#8217;int\u00e9r\u00eat.<\/li>\n<li>Finalement, sauver les modifications.<\/li>\n<\/ol>\n<h4>Description des boutons de la barre d&#8217;outils<\/h4>\n<p>La barre d&#8217;outils du visualisateur permet d&#8217;effectuer plusieurs actions sur la zone de dessin. Il est possible \u00e9galement d&#8217;utiliser des raccourcis clavier pour effectuer ces actions, utiles principalement lorsque vous devez modifier l&#8217;axe et\/ou le profil. Lorsque vous survolez un bouton avec le curseur de la souris, la description donn\u00e9e ci-dessous pour chaque bouton est \u00e9galement affich\u00e9e.<\/p>\n\n<div>\n<style>img.captab {display: block;border-radius: 5px;margin: 1px;border: 1px solid #aaa;width: 32px;height: 32px;opacity: 1;} \ntd {text-align:center;} <\/style>\n<table>\n<tr><td colspan=\"2\" style=\"font-weight:bold;text-align:left;\">Boutons permettant la gestion fichier<\/td><\/tr>\n<tr><td><img decoding=\"async\" class=\"captab\" src=\"https:\/\/capacity.ulb.be\/wp-content\/plugins\/capacity-plugin\/icon\/new.png\"\/><\/td><td>Nouveau calcul de capacit\u00e9<\/td><\/tr>\n<tr><td><img decoding=\"async\" class=\"captab\" src=\"https:\/\/capacity.ulb.be\/wp-content\/plugins\/capacity-plugin\/icon\/save.png\"\/><\/td><td>Sauver toutes les modifications sur le serveur (Raccourci : b)<\/td><\/tr>\n<tr><td><img decoding=\"async\" class=\"captab\" src=\"https:\/\/capacity.ulb.be\/wp-content\/plugins\/capacity-plugin\/icon\/remove.png\"\/><\/td><td>Supprimer d\u00e9finitivement le fichier<\/td><\/tr>\n<tr><td><img decoding=\"async\" class=\"captab\" src=\"https:\/\/capacity.ulb.be\/wp-content\/plugins\/capacity-plugin\/icon\/reset.png\"\/><\/td><td>R\u00e9initialiser \u00e0 la derni\u00e8re sauvegarde<\/td><\/tr>\n<tr><td><img decoding=\"async\" class=\"captab\" src=\"https:\/\/capacity.ulb.be\/wp-content\/plugins\/capacity-plugin\/icon\/screenshot.png\"\/><\/td><td>Prendre une capture d'\u00e9cran<\/td><\/tr>\n<tr><td colspan=\"2\" style=\"font-weight:bold;text-align:left;\">Boutons permettant le changement de c\u00f4t\u00e9 du profil<\/td><\/tr>\n<tr><td><img decoding=\"async\" class=\"captab\" src=\"https:\/\/capacity.ulb.be\/wp-content\/plugins\/capacity-plugin\/icon\/left.png\"\/><\/td><td>Activer le profil gauche<\/td><\/tr>\n<tr><td><img decoding=\"async\" class=\"captab\" src=\"https:\/\/capacity.ulb.be\/wp-content\/plugins\/capacity-plugin\/icon\/right.png\"\/><\/td><td>Activer le profil droit<\/td><\/tr>\n<tr><td><img decoding=\"async\" class=\"captab\" src=\"https:\/\/capacity.ulb.be\/wp-content\/plugins\/capacity-plugin\/icon\/manual.png\"\/><\/td><td>Actif si le profil et\/ou l'axe ont \u00e9t\u00e9 corrig\u00e9s manuellement<\/td><\/tr>\n<tr><td colspan=\"2\" style=\"font-weight:bold;text-align:left;\">Boutons permettant d'afficher masquer des parties sur la zone de dessin<\/td><\/tr>\n<tr><td><img decoding=\"async\" class=\"captab\" src=\"https:\/\/capacity.ulb.be\/wp-content\/plugins\/capacity-plugin\/icon\/grid.png\"\/><\/td><td>Afficher\/masquer la grille (Raccourci : g)<\/td><\/tr>\n<tr><td><img decoding=\"async\" class=\"captab\" src=\"https:\/\/capacity.ulb.be\/wp-content\/plugins\/capacity-plugin\/icon\/profil.png\"\/><\/td><td>Afficher\/masquer le profil (Raccourci : p)<\/td><\/tr>\n<tr><td><img decoding=\"async\" class=\"captab\" src=\"https:\/\/capacity.ulb.be\/wp-content\/plugins\/capacity-plugin\/icon\/axis.png\"\/><\/td><td>Afficher\/masquer l'axe (Raccourci : a)<\/td><\/tr>\n<tr><td><img decoding=\"async\" class=\"captab\" src=\"https:\/\/capacity.ulb.be\/wp-content\/plugins\/capacity-plugin\/icon\/water.png\"\/><\/td><td>Afficher\/masquer l'eau (Raccourci : w)<\/td><\/tr>\n<tr><td><img decoding=\"async\" class=\"captab\" src=\"https:\/\/capacity.ulb.be\/wp-content\/plugins\/capacity-plugin\/icon\/levels.png\"\/><\/td><td>Afficher\/masquer les niveaux d'eau (Raccourci : l)<\/td><\/tr>\n<tr><td colspan=\"2\" style=\"font-weight:bold;text-align:left;\">Boutons permettant de modifier la taille du dessin<\/td><\/tr>\n<tr><td><img decoding=\"async\" class=\"captab\" src=\"https:\/\/capacity.ulb.be\/wp-content\/plugins\/capacity-plugin\/icon\/lockmouse.png\"\/><\/td><td>V\u00e9rouiller\/d\u00e9v\u00e9rouiller la molette de la souris pour le zoom et le d\u00e9placement de l'image<\/td><\/tr>\n<tr><td><img decoding=\"async\" class=\"captab\" src=\"https:\/\/capacity.ulb.be\/wp-content\/plugins\/capacity-plugin\/icon\/zoomin.png\"\/><\/td><td>Augmenter la taille de l'image (Zoom - Raccourci : +)<\/td><\/tr>\n<tr><td><img decoding=\"async\" class=\"captab\" src=\"https:\/\/capacity.ulb.be\/wp-content\/plugins\/capacity-plugin\/icon\/zoomout.png\"\/><\/td><td>Diminuer la taille de l'image (D\u00e9zoom - Raccourci : -)<\/td><\/tr>\n<tr><td><img decoding=\"async\" class=\"captab\" src=\"https:\/\/capacity.ulb.be\/wp-content\/plugins\/capacity-plugin\/icon\/zooma.png\"\/><\/td><td>Ajuster la taille de l'image \u00e0 la largeur de la zone disponible (Raccourci : 0)<\/td><\/tr>\n<tr><td><img decoding=\"async\" class=\"captab\" src=\"https:\/\/capacity.ulb.be\/wp-content\/plugins\/capacity-plugin\/icon\/zoom.png\"\/><\/td><td>Ajuster la taille de l'image \u00e0 l'originale (100%)<\/td><\/tr>\n<tr><td><input style=\"width: 53px;height: 32px;\" title=\"Ins\u00e9rer la taille de l'image en pourcentage de l'originale\" disabled><\/td><td>Ins\u00e9rer la taille de l'image en pourcentage de l'originale<\/td><\/tr>\n<tr><\/tr>\n<tr><td colspan=\"2\" style=\"font-weight:bold;text-align:left;\">Boutons permettant le d\u00e9placement horizontal du dessin<\/td><\/tr>\n<tr><td><img decoding=\"async\" class=\"captab\" src=\"https:\/\/capacity.ulb.be\/wp-content\/plugins\/capacity-plugin\/icon\/moveleft.png\"\/><\/td><td>D\u00e9placer l'image sur la gauche (Raccourci : &larr;)<\/td><\/tr>\n<tr><td><img decoding=\"async\" class=\"captab\" src=\"https:\/\/capacity.ulb.be\/wp-content\/plugins\/capacity-plugin\/icon\/movex.png\"\/><\/td><td>Recentrer l'image \u00e0 0 (Raccourci : Home)<\/td><\/tr>\n<tr><td><input style=\"width: 53px;height: 32px;\" title=\"Ins\u00e9rer le d\u00e9placement horizontal de l'image en pixels lorsque le dessin d\u00e9passe la zone visible (n\u00e9gatif vers la gauche et positif vers la droite)\" disabled><\/td><td>Ins\u00e9rer le d\u00e9placement horizontal de l'image en pixels lorsque le dessin d\u00e9passe la zone visible (n\u00e9gatif vers la gauche et positif vers la droite)<\/td><\/tr>\n<tr><td><img decoding=\"async\" class=\"captab\" src=\"https:\/\/capacity.ulb.be\/wp-content\/plugins\/capacity-plugin\/icon\/moveright.png\"\/><\/td><td>D\u00e9placer l'image sur la droite (Raccourci : &rarr;)<\/td><\/tr>\n<tr><\/tr>\n<tr><td colspan=\"2\" style=\"font-weight:bold;text-align:left;\">Boutons permettant la modification d'\u00e9chelles et r\u00e9solution<\/td><\/tr>\n<tr><td><img decoding=\"async\" class=\"captab\" src=\"https:\/\/capacity.ulb.be\/wp-content\/plugins\/capacity-plugin\/icon\/dpi.png\"\/><\/td><td>R\u00e9initialiser la valeur du dpi \u00e0 la derni\u00e8re valeur sauv\u00e9e<\/td><\/tr>\n<tr><td><input style=\"width: 53px;height: 32px;\" title=\"Entrer la r\u00e9solution de l'image en dpi. Vous pouvez\/devez la v\u00e9rifier avec une application de dessin comme Photoshop ou gimp\" disabled><\/td><td>Entrer la r\u00e9solution de l'image en dpi. Vous pouvez\/devez la v\u00e9rifier avec une application de dessin comme Photoshop ou gimp<\/td><\/tr>\n<tr><td><img decoding=\"async\" class=\"captab\" src=\"https:\/\/capacity.ulb.be\/wp-content\/plugins\/capacity-plugin\/icon\/scale.png\"\/><\/td><td>R\u00e9initialiser l'\u00e9chelle \u00e0 la derni\u00e8re valeur sauv\u00e9e<\/td><\/tr>\n<tr><td><input style=\"width: 53px;height: 32px;\" title=\"Ins\u00e9rer l'\u00e9chelle, 1cm sur le dessin correspond \u00e0 la valeur r\u00e9elle ins\u00e9r\u00e9e en cm\" disabled><\/td><td>Ins\u00e9rer l'\u00e9chelle, 1cm sur le dessin correspond \u00e0 la valeur r\u00e9elle ins\u00e9r\u00e9e en cm<\/td><\/tr>\n<tr><td><img decoding=\"async\" class=\"captab\" src=\"https:\/\/capacity.ulb.be\/wp-content\/plugins\/capacity-plugin\/icon\/hwater.png\"\/><\/td><td>R\u00e9initialiser les niveaux d'eau aux extr\u00e9mas du profil<\/td><\/tr>\n<tr><td><input style=\"width: 53px;height: 32px;\" title=\"Ins\u00e9rer la valeur r\u00e9elle de la hauter (d'eau) entre les deux niveaux bleus afin d'adapter l'\u00e9chelle du dessin\" disabled><\/td><td>Ins\u00e9rer la valeur r\u00e9elle de la hauter (d'eau) entre les deux niveaux bleus afin d'adapter l'\u00e9chelle du dessin<\/td><\/tr>\n<tr><\/tr>\n<tr><td colspan=\"2\" style=\"font-weight:bold;text-align:left;\">Boutons permettant de modifier les actions sur la zone de dessin (changement de mode)<\/td><\/tr>\n<tr><td><img decoding=\"async\" class=\"captab\" src=\"https:\/\/capacity.ulb.be\/wp-content\/plugins\/capacity-plugin\/icon\/move.png\"\/><\/td><td>D\u00e9placer les niveaux d'eau afin d'ajuster le volume (Raccourci : m)<\/td><\/tr>\n<tr><td><img decoding=\"async\" class=\"captab\" src=\"https:\/\/capacity.ulb.be\/wp-content\/plugins\/capacity-plugin\/icon\/draw.png\"\/><\/td><td>Ajouter des points au profil afin de le corriger ou de le dessiner (Raccourci : i)<\/td><\/tr>\n<tr><td><img decoding=\"async\" class=\"captab\" src=\"https:\/\/capacity.ulb.be\/wp-content\/plugins\/capacity-plugin\/icon\/movepoint.png\"\/><\/td><td>D\u00e9placer des points du profil afin de le corriger (Raccourci : s)<\/td><\/tr>\n<tr><td><img decoding=\"async\" class=\"captab\" src=\"https:\/\/capacity.ulb.be\/wp-content\/plugins\/capacity-plugin\/icon\/eraser.png\"\/><\/td><td>Supprimer des points du profil afin de le corriger (Raccourci : d)<\/td><\/tr>\n<tr><td><img decoding=\"async\" class=\"captab\" src=\"https:\/\/capacity.ulb.be\/wp-content\/plugins\/capacity-plugin\/icon\/selecteraser.png\"\/><\/td><td>Supprimer les points s\u00e9lectionn\u00e9s du profil afin de l'ajuster (gr\u00e2ce \u00e0 un rectangle - Raccourci : Delete)<\/td><\/tr>\n<tr><td><img decoding=\"async\" class=\"captab\" src=\"https:\/\/capacity.ulb.be\/wp-content\/plugins\/capacity-plugin\/icon\/moveaxis.png\"\/><\/td><td>Corriger la position de l'axe de r\u00e9volution (Raccourci : c)<\/td><\/tr>\n<tr><td><img decoding=\"async\" class=\"captab\" src=\"https:\/\/capacity.ulb.be\/wp-content\/plugins\/capacity-plugin\/icon\/ruler.png\"\/><\/td><td>Mesurer la distance en cm entre deux points du dessin (Raccourci : r)<\/td><\/tr>\n<tr><td><input style=\"width: 53px;height: 32px;\" title=\"Ins\u00e9rer la valeur r\u00e9elle de la mesure effectu\u00e9e en cm afin d'ajuster l'\u00e9chelle\" disabled><\/td><td>Ins\u00e9rer la valeur r\u00e9elle de la mesure effectu\u00e9e en cm afin d'ajuster l'\u00e9chelle<\/td><\/tr>\n<\/table>\n<strong>Remarque :<\/strong> les raccourcis claviers sont uniquement fonctionnels lorsque vous avez cliqu\u00e9 sur le dessin !\n<\/div>\n\n<h4>Erreurs sur le volume calcul\u00e9<\/h4>\n<p>Le volume calcul\u00e9 se base sur les hypoth\u00e8ses que le r\u00e9cipient est un volume de r\u00e9volution cylindrique et que le dessin du profil et de l&#8217;axe est exact. En r\u00e9alit\u00e9, ces hypoth\u00e8ses ne sont que rarement v\u00e9rifi\u00e9es et contribuent donc majoritairement \u00e0 l&#8217;erreur du volume final.<\/p>\n<p>En ce qui concerne les erreurs li\u00e9es au dessin, il est possible de les minimiser un peu en consid\u00e9rant l&#8217;importance des diff\u00e9rentes sources d&#8217;erreur, d&#8217;un point de vue math\u00e9matique, par ordre<\/p>\n<ol>\n<li>Une erreur d&#8217;\u00e9chelle causera une erreur sur le volume trois fois plus importante. Par exemple, une erreur d&#8217;1% sur l&#8217;\u00e9chelle (par exemple \u00e9chelle 0.99 ou 1.01 \u00e0 la place de 1.00) engendrerait une erreur de 3% sur le volume !<\/li>\n<li>Une erreur sur la position de l&#8217;axe (son rayon &#8220;moyen&#8221;) provoquera une erreur deux fois plus importantes sur le volume. Donc, une erreur de position de l&#8217;axe de 1mm pour un vase de rayon &#8220;moyen&#8221; de 10cm provoquera une erreur de volume d&#8217;environ 2% !<\/li>\n<li>Finalement, l&#8217;erreur relative sur la hauteur contribuera exactement \u00e0 la m\u00eame erreur sur le volume. Toutefois, cette erreur est fortement li\u00e9e aux deux autres, surtout si on ajuste l&#8217;\u00e9chelle en utilisant la hauteur. C&#8217;est aussi pour cette raison que nous conseillons de v\u00e9rifier la position de l&#8217;axe avec une mesure r\u00e9elle au point 6 de la <em>checklist<\/em>.<\/li>\n<\/ol>\n","protected":false},"excerpt":{"rendered":"<p>Tutoriels en vid\u00e9o Cette page pr\u00e9sente de mani\u00e8re succincte les diff\u00e9rents outils du visualisateur &#8220;capacity&#8221;. Afin d&#8217;utiliser cet outil, nous vous conseillons en priorit\u00e9 de regarder les vid\u00e9os suivantes sur youtube. Le visualisateur &#8220;capacity&#8221; Apr\u00e8s avoir envoy\u00e9 votre fichier pour calcul, le r\u00e9sultat est affich\u00e9 dans le visualisateur &#8220;capacity&#8221; qui &hellip;<\/p>\n","protected":false},"author":1,"featured_media":0,"parent":0,"menu_order":0,"comment_status":"closed","ping_status":"closed","template":"","meta":{"footnotes":""},"class_list":["post-2795","page","type-page","status-publish","hentry"],"_links":{"self":[{"href":"https:\/\/capacity.ulb.be\/index.php\/wp-json\/wp\/v2\/pages\/2795","targetHints":{"allow":["GET"]}}],"collection":[{"href":"https:\/\/capacity.ulb.be\/index.php\/wp-json\/wp\/v2\/pages"}],"about":[{"href":"https:\/\/capacity.ulb.be\/index.php\/wp-json\/wp\/v2\/types\/page"}],"author":[{"embeddable":true,"href":"https:\/\/capacity.ulb.be\/index.php\/wp-json\/wp\/v2\/users\/1"}],"replies":[{"embeddable":true,"href":"https:\/\/capacity.ulb.be\/index.php\/wp-json\/wp\/v2\/comments?post=2795"}],"version-history":[{"count":6,"href":"https:\/\/capacity.ulb.be\/index.php\/wp-json\/wp\/v2\/pages\/2795\/revisions"}],"predecessor-version":[{"id":2840,"href":"https:\/\/capacity.ulb.be\/index.php\/wp-json\/wp\/v2\/pages\/2795\/revisions\/2840"}],"wp:attachment":[{"href":"https:\/\/capacity.ulb.be\/index.php\/wp-json\/wp\/v2\/media?parent=2795"}],"curies":[{"name":"wp","href":"https:\/\/api.w.org\/{rel}","templated":true}]}}