{"id":221,"date":"2019-03-29T11:17:04","date_gmt":"2019-03-29T11:17:04","guid":{"rendered":"https:\/\/capacity.ulb.be\/?page_id=221"},"modified":"2020-08-11T11:02:38","modified_gmt":"2020-08-11T11:02:38","slug":"mentions-legales-site-web","status":"publish","type":"page","link":"https:\/\/capacity.ulb.be\/index.php\/mentions-legales-site-web\/","title":{"rendered":"Mentions l\u00e9gales"},"content":{"rendered":"<h6>Mentions l\u00e9gales site web<\/h6>\n<p>Traitement de vos donn\u00e9es \u00e0 caract\u00e8re personnel<\/p>\n<p>L\u2019Universit\u00e9 libre de Bruxelles (ULB) \u2013 avenue Roosevelt 50, 1050 Bruxelles \u2013 est le responsable du traitement des donn\u00e9es \u00e0 caract\u00e8re personnel vous concernant collect\u00e9es par l\u2019interm\u00e9diaire de ce site.<\/p>\n<p>En cette qualit\u00e9, l\u2019ULB respecte les dispositions du R\u00e8glement (UE) 2016\/679 du Parlement europ\u00e9en et du Conseil du 27 avril 2016 relatif \u00e0 la protection des personnes physiques \u00e0 l\u2019\u00e9gard du traitement des donn\u00e9es \u00e0 caract\u00e8re personnel et \u00e0 la libre circulation de ces donn\u00e9es : R\u00e8glement g\u00e9n\u00e9ral sur la protection des donn\u00e9es (RGPD).<\/p>\n<p>Les donn\u00e9es collect\u00e9es par l\u2019ULB par l\u2019interm\u00e9diaire de ce site sont uniquement trait\u00e9es pour valider votre inscription sur le site, pour assurer le bon fonctionnement de celui-ci et pour \u00e9tablir des statistiques de fr\u00e9quentation sur celui-ci. Les donn\u00e9es sont collect\u00e9es sur la base de votre consentement.<\/p>\n<p>Ces donn\u00e9es ne sont d\u00e9tenues que par l\u2019ULB, qui assure les mesures de s\u00e9curit\u00e9 ad\u00e9quates afin d\u2019en garantir l\u2019int\u00e9grit\u00e9 et la confidentialit\u00e9. Elles ne sont pas partag\u00e9es avec des tiers. Le personnel de l\u2019ULB y a acc\u00e8s dans la stricte mesure n\u00e9cessaire \u00e0 l\u2019ex\u00e9cution de ses missions et est tenu au respect d\u2019une obligation de confidentialit\u00e9.<\/p>\n<p>Votre consentement peut \u00eatre retir\u00e9 \u00e0 tout moment en vous connectant sur le site et en supprimant votre compte dans le menu de votre profil utilisateur ou en faisant la demande par le formulaire de contact. Cette action entra\u00eenera \u00e9galement la suppression de toutes vos donn\u00e9es pr\u00e9sentes sur le site. Toutefois, une sauvegarde (back up) de ces m\u00eames donn\u00e9es est conserv\u00e9e \u2013 sans aucune utilisation active \u2013 pour une dur\u00e9e maximale d\u2019un an.<\/p>\n<p>Pour toute question relative \u00e0 vos donn\u00e9es \u00e0 caract\u00e8re personnel et au traitement qui en est fait par l\u2019Universit\u00e9, vous pouvez contacter notre D\u00e9l\u00e9gu\u00e9 \u00e0 la protection des donn\u00e9es \u00e0 rgpd@ulb.ac.be. Cette adresse est \u00e9galement celle par le biais de laquelle vous pouvez exercer vos droits en la mati\u00e8re, en justifiant votre identit\u00e9 : acc\u00e8s, rectification, effacement, limitation, opposition et portabilit\u00e9. Vous pouvez nous adresser vos plaintes sur le traitement de vos donn\u00e9es.<\/p>\n","protected":false},"excerpt":{"rendered":"<p>Mentions l\u00e9gales site web Traitement de vos donn\u00e9es \u00e0 caract\u00e8re personnel L\u2019Universit\u00e9 libre de Bruxelles (ULB) \u2013 avenue Roosevelt 50, 1050 Bruxelles \u2013 est le responsable du traitement des donn\u00e9es \u00e0 caract\u00e8re personnel vous concernant collect\u00e9es par l\u2019interm\u00e9diaire de ce site. En cette qualit\u00e9, l\u2019ULB respecte les dispositions du R\u00e8glement &hellip;<\/p>\n","protected":false},"author":1,"featured_media":0,"parent":0,"menu_order":0,"comment_status":"closed","ping_status":"closed","template":"","meta":{"footnotes":""},"class_list":["post-221","page","type-page","status-publish","hentry"],"_links":{"self":[{"href":"https:\/\/capacity.ulb.be\/index.php\/wp-json\/wp\/v2\/pages\/221","targetHints":{"allow":["GET"]}}],"collection":[{"href":"https:\/\/capacity.ulb.be\/index.php\/wp-json\/wp\/v2\/pages"}],"about":[{"href":"https:\/\/capacity.ulb.be\/index.php\/wp-json\/wp\/v2\/types\/page"}],"author":[{"embeddable":true,"href":"https:\/\/capacity.ulb.be\/index.php\/wp-json\/wp\/v2\/users\/1"}],"replies":[{"embeddable":true,"href":"https:\/\/capacity.ulb.be\/index.php\/wp-json\/wp\/v2\/comments?post=221"}],"version-history":[{"count":0,"href":"https:\/\/capacity.ulb.be\/index.php\/wp-json\/wp\/v2\/pages\/221\/revisions"}],"wp:attachment":[{"href":"https:\/\/capacity.ulb.be\/index.php\/wp-json\/wp\/v2\/media?parent=221"}],"curies":[{"name":"wp","href":"https:\/\/api.w.org\/{rel}","templated":true}]}}