{"id":2011,"date":"2019-05-22T06:54:28","date_gmt":"2019-05-22T06:54:28","guid":{"rendered":"https:\/\/capacity.ulb.be\/?page_id=2011"},"modified":"2020-11-17T16:56:05","modified_gmt":"2020-11-17T16:56:05","slug":"a-propos","status":"publish","type":"page","link":"https:\/\/capacity.ulb.be\/index.php\/a-propos\/","title":{"rendered":"A propos"},"content":{"rendered":"<hr \/>\n<h4>Calcul de capacit\u00e9 d\u2019un r\u00e9cipient \u00e0 partir de son profil: une solution Web<\/h4>\n<p>Cet outil informatique a \u00e9t\u00e9 d\u00e9velopp\u00e9 par une \u00e9quipe d\u2019arch\u00e9ologues (<a href=\"https:\/\/crea.centresphisoc.ulb.be\/\">CReA-Patrimoine<\/a> &#8211; <a href=\"https:\/\/crea.centresphisoc.ulb.be\/fr\/user\/603\">Laurent Bavay<\/a>, <a href=\"https:\/\/crea.centresphisoc.ulb.be\/fr\/user\/711\">Ath\u00e9na Tsingarida<\/a>) et d\u2019ing\u00e9nieurs civils (<a href=\"http:\/\/lisa.ulb.be\">Laboratoire d\u2019analyse et de synth\u00e8se d\u2019images, LISA<\/a> &#8211; Laurent Engels, Nadine Warz\u00e9e) de l\u2019ULB, dans le cadre de l\u2019Action de recherche concert\u00e9e (ARC) 2004-2009 \u00ab La c\u00e9ramique dans les soci\u00e9t\u00e9s antiques : production, distribution et usages \u00bb, organis\u00e9e par le CReA-Patrimoine et financ\u00e9e par le minist\u00e8re de la F\u00e9d\u00e9ration Wallonie-Bruxelles (FWB).<\/p>\n<p>Afin de p\u00e9renniser cet outil, plusieurs personnes ont \u00e9t\u00e9 impliqu\u00e9es par la suite dans ce projet :<br \/>\n&#8211; Depuis 2012, <a href=\"http:\/\/lisa.ulb.be\/rudy-ercek-it-engineer.html\">Rudy Ercek<\/a> (Ing\u00e9nieur IT et de Recherche au <a href=\"http:\/\/lisa.ulb.be\/\">LISA<\/a>) assure la maintenance et le suivi technique du projet, notamment le d\u00e9veloppement en javascript en 2013 d&#8217;une nouvelle interface de visualisation.<br \/>\n&#8211; En 2019, la soci\u00e9t\u00e9 NextWave sprl (Xavier Baele et Valeria Hero) a r\u00e9alis\u00e9 une nouvelle version du site web sous WordPress.<\/p>\n<p>Nous tenons \u00e9galement \u00e0 remercier les personnes suivantes pour leur contribution :<br \/>\n&#8211; Henry-Louis Guillaume de la plateforme <a href=\"http:\/\/panorama.ulb.ac.be\/\">PANORAMA<\/a> de l&#8217;ULB pour ses conseils dans la r\u00e9alisation du site WordPress.<br \/>\n&#8211; Vasiliki Saripanidi du <a href=\"http:\/\/crea.centresphisoc.ulb.be\">CReA-Patrimoine<\/a> pour son aide pr\u00e9cieuse dans la traduction des textes en anglais et la validation de l\u2019outil.<br \/>\n&#8211; Richard Bidgood (Franklin &amp; Marshall College) pour sa contribution aux tests de l\u2019outil et son assistance technique.<\/p>\n<p>Pour plus d&#8217;informations sur la conception de ce projet, voir L. Engels, L. Bavay, A. Tsingarida, <u><a href=\"https:\/\/capacity.ulb.be\/wp-content\/uploads\/2019\/04\/Engels-Bavay-Tsingarida.pdf\" target=\"_blank\" rel=\"noopener noreferrer\">\u201cCalculating vessel capacities: A new web-based solution\u201d<\/a><\/u>, dans A. Tsingarida (\u00e9d.), <em>Shapes and Uses of Greek Vases (7<sup>th<\/sup> \u2013 4<sup>th<\/sup> centuries B.C.),<\/em> Brussels, 2009, 129 &#8211; 134<\/p>\n","protected":false},"excerpt":{"rendered":"<p>Calcul de capacit\u00e9 d\u2019un r\u00e9cipient \u00e0 partir de son profil: une solution Web Cet outil informatique a \u00e9t\u00e9 d\u00e9velopp\u00e9 par une \u00e9quipe d\u2019arch\u00e9ologues (CReA-Patrimoine &#8211; Laurent Bavay, Ath\u00e9na Tsingarida) et d\u2019ing\u00e9nieurs civils (Laboratoire d\u2019analyse et de synth\u00e8se d\u2019images, LISA &#8211; Laurent Engels, Nadine Warz\u00e9e) de l\u2019ULB, dans le cadre de &hellip;<\/p>\n","protected":false},"author":1,"featured_media":0,"parent":0,"menu_order":0,"comment_status":"closed","ping_status":"closed","template":"","meta":{"footnotes":""},"class_list":["post-2011","page","type-page","status-publish","hentry"],"_links":{"self":[{"href":"https:\/\/capacity.ulb.be\/index.php\/wp-json\/wp\/v2\/pages\/2011","targetHints":{"allow":["GET"]}}],"collection":[{"href":"https:\/\/capacity.ulb.be\/index.php\/wp-json\/wp\/v2\/pages"}],"about":[{"href":"https:\/\/capacity.ulb.be\/index.php\/wp-json\/wp\/v2\/types\/page"}],"author":[{"embeddable":true,"href":"https:\/\/capacity.ulb.be\/index.php\/wp-json\/wp\/v2\/users\/1"}],"replies":[{"embeddable":true,"href":"https:\/\/capacity.ulb.be\/index.php\/wp-json\/wp\/v2\/comments?post=2011"}],"version-history":[{"count":6,"href":"https:\/\/capacity.ulb.be\/index.php\/wp-json\/wp\/v2\/pages\/2011\/revisions"}],"predecessor-version":[{"id":2735,"href":"https:\/\/capacity.ulb.be\/index.php\/wp-json\/wp\/v2\/pages\/2011\/revisions\/2735"}],"wp:attachment":[{"href":"https:\/\/capacity.ulb.be\/index.php\/wp-json\/wp\/v2\/media?parent=2011"}],"curies":[{"name":"wp","href":"https:\/\/api.w.org\/{rel}","templated":true}]}}