{"id":158,"date":"2019-03-25T10:36:11","date_gmt":"2019-03-25T10:36:11","guid":{"rendered":"https:\/\/capacity.ulb.be\/?page_id=158"},"modified":"2025-06-25T12:31:10","modified_gmt":"2025-06-25T12:31:10","slug":"centre-de-recherches-en-archeologie-et-patrimoine","status":"publish","type":"page","link":"https:\/\/capacity.ulb.be\/","title":{"rendered":"Accueil"},"content":{"rendered":"<p><img loading=\"lazy\" decoding=\"async\" class=\"wp-image-73 aligncenter\" src=\"\/wp-content\/uploads\/2019\/03\/Crea_logo-1.png\" alt=\"\" width=\"77\" height=\"75\" align=\"left\" \/><\/p>\n<h2 style=\"text-align: left;\">Bienvenue sur le nouveau site web de calcul de capacit\u00e9 des r\u00e9cipients.<\/h2>\n<hr \/>\n<p class=\"index_conditUtil_para\">Dans le cadre d\u2019un programme de recherche sur la c\u00e9ramique dans les soci\u00e9t\u00e9s anciennes men\u00e9 \u00e0 l\u2019Universit\u00e9 libre de Bruxelles, les arch\u00e9ologues du CReA-Patrimoine se sont associ\u00e9s aux ing\u00e9nieurs civils du Laboratoire de l\u2019Image : Synth\u00e8se et Analyse (LISA) pour d\u00e9velopper un outil informatique permettant de calculer la capacit\u00e9 d\u2019un r\u00e9cipient \u00e0 partir de son dessin \u00e0 l\u2019\u00e9chelle.<br \/>\nCon\u00e7u pour un usage simple \u00e0 partir de la documentation de base r\u00e9alis\u00e9e par les c\u00e9ramologues, l\u2019outil est accessible librement depuis 2005 et a \u00e9t\u00e9 largement utilis\u00e9 par la communaut\u00e9 scientifique (on trouvera une s\u00e9lection bibliographique dans l\u2019onglet Information).<br \/>\nCe nouveau site reprend toutes les fonctionnalit\u00e9s de l\u2019ancien, avec un tout nouveau design et de nombreuses am\u00e9liorations qui rendent l\u2019utilisation de l\u2019outil plus simple et conviviale, comme la d\u00e9tection automatique de la position du profil.<\/p>\n<p>Si vous rencontrez le moindre probl\u00e8me, n&#8217;h\u00e9sitez pas \u00e0 nous <u><a href=\"\/index.php\/129-2\">contacter.<\/a><\/u> Vous pouvez \u00e9galement consulter <a href=\"\/index.php\/aide\"><strong>l&#8217;aide du site<\/strong><\/a> et\/ou visualiser<a href=\"https:\/\/www.youtube.com\/playlist?list=PLbLMHIUkyPgj-qG7nkNB4hTHEMtby_1kg\"> les diff\u00e9rentes <strong>vid\u00e9os &#8220;Tutoriels&#8221;<\/strong> montrant l&#8217;utilisation de cet outil<\/a>.<\/p>\n","protected":false},"excerpt":{"rendered":"<p>Bienvenue sur le nouveau site web de calcul de capacit\u00e9 des r\u00e9cipients. Dans le cadre d\u2019un programme de recherche sur la c\u00e9ramique dans les soci\u00e9t\u00e9s anciennes men\u00e9 \u00e0 l\u2019Universit\u00e9 libre de Bruxelles, les arch\u00e9ologues du CReA-Patrimoine se sont associ\u00e9s aux ing\u00e9nieurs civils du Laboratoire de l\u2019Image : Synth\u00e8se et Analyse &hellip;<\/p>\n","protected":false},"author":1,"featured_media":0,"parent":0,"menu_order":0,"comment_status":"closed","ping_status":"closed","template":"","meta":{"footnotes":""},"class_list":["post-158","page","type-page","status-publish","hentry"],"_links":{"self":[{"href":"https:\/\/capacity.ulb.be\/index.php\/wp-json\/wp\/v2\/pages\/158","targetHints":{"allow":["GET"]}}],"collection":[{"href":"https:\/\/capacity.ulb.be\/index.php\/wp-json\/wp\/v2\/pages"}],"about":[{"href":"https:\/\/capacity.ulb.be\/index.php\/wp-json\/wp\/v2\/types\/page"}],"author":[{"embeddable":true,"href":"https:\/\/capacity.ulb.be\/index.php\/wp-json\/wp\/v2\/users\/1"}],"replies":[{"embeddable":true,"href":"https:\/\/capacity.ulb.be\/index.php\/wp-json\/wp\/v2\/comments?post=158"}],"version-history":[{"count":7,"href":"https:\/\/capacity.ulb.be\/index.php\/wp-json\/wp\/v2\/pages\/158\/revisions"}],"predecessor-version":[{"id":2886,"href":"https:\/\/capacity.ulb.be\/index.php\/wp-json\/wp\/v2\/pages\/158\/revisions\/2886"}],"wp:attachment":[{"href":"https:\/\/capacity.ulb.be\/index.php\/wp-json\/wp\/v2\/media?parent=158"}],"curies":[{"name":"wp","href":"https:\/\/api.w.org\/{rel}","templated":true}]}}